{"id":129,"date":"2014-12-14T22:02:24","date_gmt":"2014-12-14T20:02:24","guid":{"rendered":"http:\/\/cp4.domainmaailma.com\/~kumpumak\/kumpumaki\/?page_id=129"},"modified":"2015-03-31T17:24:42","modified_gmt":"2015-03-31T14:24:42","slug":"pysakointi-kilpailuissa","status":"publish","type":"page","link":"https:\/\/www.kumpumaki.fi\/kumpumaki\/?page_id=129","title":{"rendered":"Pys\u00e4k\u00f6inti kilpailuissa"},"content":{"rendered":"<p><a href=\"http:\/\/cp4.domainmaailma.com\/~kumpumak\/kumpumaki\/wp-content\/uploads\/2015\/01\/Parkkipiirros.png\"><img loading=\"lazy\" decoding=\"async\" class=\"alignright wp-image-286\" src=\"http:\/\/cp4.domainmaailma.com\/~kumpumak\/kumpumaki\/wp-content\/uploads\/2015\/01\/Parkkipiirros-300x269.png\" alt=\"Parkkipiirros\" width=\"550\" height=\"494\" srcset=\"https:\/\/www.kumpumaki.fi\/kumpumaki\/wp-content\/uploads\/2015\/01\/Parkkipiirros-300x269.png 300w, https:\/\/www.kumpumaki.fi\/kumpumaki\/wp-content\/uploads\/2015\/01\/Parkkipiirros-1024x919.png 1024w, https:\/\/www.kumpumaki.fi\/kumpumaki\/wp-content\/uploads\/2015\/01\/Parkkipiirros.png 1081w\" sizes=\"auto, (max-width: 550px) 100vw, 550px\" \/><\/a>Kilpailujen aikana autojen parkkeeraus tapahtuu seuraavasti:<\/p>\n<p>Hevoskuljetukset saavat ajaa Kumpum\u00e4en tilan pihaan.\u00a0Henkil\u00f6autojen parkkeeraus on Kirveskoskentien kent\u00e4n puoleisen tien reunassa.<\/p>\n<p>Molemmin puolin tiet\u00e4 ei saa pys\u00e4k\u00f6id\u00e4.<\/p>\n<p>Muistakaa huomioida my\u00f6s pys\u00e4k\u00f6innin kielt\u00e4v\u00e4 merkki!<\/p>\n<p>Kilpailukanslia on maneesissa. Ilmoittautuminen, maksut, p\u00f6yt\u00e4kirjojen ja palkintojen nouto toimii siell\u00e4. Kilpailuiden ajan kanslia on rauhoitettu n\u00e4it\u00e4 toimia varten ja kilpailuiden seuraaminen tapahtuu katsomosta.<\/p>\n<p>WC l\u00f6ytyy tallirakennuksesta, samoin vesipiste.<\/p>\n<p>Toivotamme kaikille kilpailijoille mainetta ja kunniaa tuleviin kilpailuihin!<\/p>\n<p>Tallin osoite on Kirveskoskentie 96, Pornainen.<\/p>\n<p>Talliin ei saa vied\u00e4 vieraita hevosia ilman tallinpit\u00e4j\u00e4n lupaa!<\/p>\n<p>Kyseisess\u00e4 asiassa voi olla yhteydess\u00e4 Mia Laurinkoskeen puh.0400 188 255<\/p>\n","protected":false},"excerpt":{"rendered":"<p>Kilpailujen aikana autojen parkkeeraus tapahtuu seuraavasti: Hevoskuljetukset saavat ajaa Kumpum\u00e4en tilan pihaan.\u00a0Henkil\u00f6autojen parkkeeraus on Kirveskoskentien kent\u00e4n puoleisen tien reunassa. Molemmin puolin tiet\u00e4 ei saa pys\u00e4k\u00f6id\u00e4. Muistakaa huomioida my\u00f6s pys\u00e4k\u00f6innin kielt\u00e4v\u00e4 merkki! Kilpailukanslia on maneesissa. Ilmoittautuminen, maksut, p\u00f6yt\u00e4kirjojen ja palkintojen nouto toimii siell\u00e4. Kilpailuiden ajan kanslia on rauhoitettu n\u00e4it\u00e4 toimia varten<\/p>\n","protected":false},"author":1,"featured_media":0,"parent":121,"menu_order":3,"comment_status":"closed","ping_status":"closed","template":"template-fullwidth.php","meta":{"footnotes":""},"class_list":["post-129","page","type-page","status-publish","hentry"],"_links":{"self":[{"href":"https:\/\/www.kumpumaki.fi\/kumpumaki\/index.php?rest_route=\/wp\/v2\/pages\/129","targetHints":{"allow":["GET"]}}],"collection":[{"href":"https:\/\/www.kumpumaki.fi\/kumpumaki\/index.php?rest_route=\/wp\/v2\/pages"}],"about":[{"href":"https:\/\/www.kumpumaki.fi\/kumpumaki\/index.php?rest_route=\/wp\/v2\/types\/page"}],"author":[{"embeddable":true,"href":"https:\/\/www.kumpumaki.fi\/kumpumaki\/index.php?rest_route=\/wp\/v2\/users\/1"}],"replies":[{"embeddable":true,"href":"https:\/\/www.kumpumaki.fi\/kumpumaki\/index.php?rest_route=%2Fwp%2Fv2%2Fcomments&post=129"}],"version-history":[{"count":3,"href":"https:\/\/www.kumpumaki.fi\/kumpumaki\/index.php?rest_route=\/wp\/v2\/pages\/129\/revisions"}],"predecessor-version":[{"id":287,"href":"https:\/\/www.kumpumaki.fi\/kumpumaki\/index.php?rest_route=\/wp\/v2\/pages\/129\/revisions\/287"}],"up":[{"embeddable":true,"href":"https:\/\/www.kumpumaki.fi\/kumpumaki\/index.php?rest_route=\/wp\/v2\/pages\/121"}],"wp:attachment":[{"href":"https:\/\/www.kumpumaki.fi\/kumpumaki\/index.php?rest_route=%2Fwp%2Fv2%2Fmedia&parent=129"}],"curies":[{"name":"wp","href":"https:\/\/api.w.org\/{rel}","templated":true}]}}