{"id":2,"date":"2014-10-27T19:10:47","date_gmt":"2014-10-27T19:10:47","guid":{"rendered":"http:\/\/cp4.domainmaailma.com\/~kumpumak\/kumpumaki\/?page_id=2"},"modified":"2025-11-14T10:12:37","modified_gmt":"2025-11-14T08:12:37","slug":"esimerkkisivu","status":"publish","type":"page","link":"https:\/\/www.kumpumaki.fi\/kumpumaki\/","title":{"rendered":"Kumpum\u00e4en tila"},"content":{"rendered":"\n<div class=\"wp-block-group\"><div class=\"wp-block-group__inner-container is-layout-constrained wp-block-group-is-layout-constrained\">\n<p><strong>Jatkossa ratsastuskoulun hevosista saa julkaista kuvia ja videoita vain Mian luvalla.<\/strong> <strong>Lis\u00e4tietoja voi kysy\u00e4 suoraan Mialta.<\/strong><\/p>\n<\/div><\/div>\n\n\n<div class=\"wp-block-image\">\n<figure class=\"alignright\"><a href=\"http:\/\/cp4.domainmaailma.com\/~kumpumak\/kumpumaki\/wp-content\/uploads\/2014\/10\/Jonotus_maneesiin.jpg\"><img loading=\"lazy\" decoding=\"async\" width=\"800\" height=\"745\" src=\"http:\/\/cp4.domainmaailma.com\/~kumpumak\/kumpumaki\/wp-content\/uploads\/2014\/10\/Jonotus_maneesiin.jpg\" alt=\"Ratsastustunnille menij\u00e4t jonottavat hetken maneesiin p\u00e4\u00e4sy\u00e4.\" class=\"wp-image-133\" srcset=\"https:\/\/www.kumpumaki.fi\/kumpumaki\/wp-content\/uploads\/2014\/10\/Jonotus_maneesiin.jpg 800w, https:\/\/www.kumpumaki.fi\/kumpumaki\/wp-content\/uploads\/2014\/10\/Jonotus_maneesiin-300x279.jpg 300w\" sizes=\"auto, (max-width: 800px) 100vw, 800px\" \/><\/a><figcaption class=\"wp-element-caption\">Ratsastustunnille menij\u00e4t jonottavat hetken maneesiin p\u00e4\u00e4sy\u00e4.<\/figcaption><\/figure>\n<\/div>\n\n<div class=\"wp-block-image\">\n<figure class=\"alignright\"><a href=\"http:\/\/cp4.domainmaailma.com\/~kumpumak\/kumpumaki\/wp-content\/uploads\/2014\/10\/Kumpumaki-2011-07-16-12-30-19.jpg\"><img loading=\"lazy\" decoding=\"async\" width=\"300\" height=\"199\" src=\"http:\/\/cp4.domainmaailma.com\/~kumpumak\/kumpumaki\/wp-content\/uploads\/2014\/10\/Kumpumaki-2011-07-16-12-30-19-300x199.jpg\" alt=\"Kumpumaki 2011-07-16 12-30-19\" class=\"wp-image-274\" srcset=\"https:\/\/www.kumpumaki.fi\/kumpumaki\/wp-content\/uploads\/2014\/10\/Kumpumaki-2011-07-16-12-30-19-300x199.jpg 300w, https:\/\/www.kumpumaki.fi\/kumpumaki\/wp-content\/uploads\/2014\/10\/Kumpumaki-2011-07-16-12-30-19-1024x678.jpg 1024w, https:\/\/www.kumpumaki.fi\/kumpumaki\/wp-content\/uploads\/2014\/10\/Kumpumaki-2011-07-16-12-30-19.jpg 1800w\" sizes=\"auto, (max-width: 300px) 100vw, 300px\" \/><\/a><figcaption class=\"wp-element-caption\">Tilalla on hyv\u00e4 ulkokentt\u00e4 ja tilava maneesi.<\/figcaption><\/figure>\n<\/div>\n\n\n<p>&nbsp;<\/p>\n\n\n\n<p><\/p>\n\n\n\n<p><\/p>\n\n\n\n<p>Kumpum\u00e4en tila sijaitsee Pornaisten Kirveskosken kyl\u00e4ss\u00e4. Tilalla toimii Suomen ratsastajainliiton hyv\u00e4ksym\u00e4 ratsastuskoulu.<\/p>\n\n\n\n<p>Koulu j\u00e4rjest\u00e4\u00e4 ratsastustunteja p\u00e4ivitt\u00e4in noin kuuden henkil\u00f6n ryhmiss\u00e4. Uusia alkeiskursseja aloitetaan kysynn\u00e4n mukaan.<\/p>\n\n\n\n<p>Kumpum\u00e4ess\u00e4 toimitaan maalaismaisemassa, kuitenkin hyvien kulkuyhteyksien p\u00e4\u00e4ss\u00e4 p\u00e4\u00e4kaupunkiseudulta. Ratsastajille on k\u00e4yt\u00f6ss\u00e4 25x65m maneesi geopat-pohjalla sek\u00e4 30x60m ulkokentt\u00e4. My\u00f6s hiekkatiet\u00e4 maastoiluun l\u00f6ytyy mukavasti. Hevosille on hiekkapohjaiset tarhat ja laidunkaudella 9 hehtaaria laidunta.<\/p>\n\n\n\n<p>Meill\u00e4 arvostetaan opetuksessa koulutettua perusistuntaa ratsastajan t\u00e4rkeimp\u00e4n\u00e4 ty\u00f6kaluna ja oikein alusta asti opeteltuja perusasioita pohjana ratsastajan kehitykselle jatkossa. Useita oppilaitamme onkin kouluttautunut hevosalan oppilaitoksissa ammattiin tai jatkanut kilpauralle.<\/p>\n\n\n\n<p>Seuramme j\u00e4rjest\u00e4\u00e4 kilpailuja Kumpum\u00e4ess\u00e4 ja tarjoamme niin oppilaillemme mahdollisuuden kilpailla opetushevosillamme. Edistyneemmille ratsastajillemme tarjoamme mahdollisuuden edustaa koulua ratsastuskouluoppilaiden mestaruuskilpailuissa, joista on menestyst\u00e4 hieman tullutkin.<\/p>\n\n\n\n<p>Kes\u00e4ll\u00e4 j\u00e4rjest\u00e4mme p\u00e4iv\u00e4leirej\u00e4 ja iltakursseja. Seuramme Kumpum\u00e4en Ratsastajat ry j\u00e4rjest\u00e4\u00e4 yhteisty\u00f6ss\u00e4 tallin kanssa my\u00f6s muita tapahtumia ja kilpailuja. Tervetuloa mukaan my\u00f6s seuratoimintaan, meit\u00e4 ei ole koskaan liikaa!<\/p>\n\n\n\n<p>Kumpum\u00e4ess\u00e4 ratsastuksenopetuksesta vastaa ratsastuksenopettaja ja Centered Riding level 1 -ohjaaja Mia Laurinkoski. Mia on ennen yritt\u00e4j\u00e4nuraa ty\u00f6skennellyt opettajana Varkaudessa sek\u00e4 ratsuttajana Saksassa.<\/p>\n\n\n\n<p>Kumpum\u00e4en tilalla toimii kaksi tallity\u00f6ntekij\u00e4\u00e4.<\/p>\n\n\n\n<p>Hevosten hoitoa ja tilan huoltohommia tekee Mikko Laurinkoski.<\/p>\n\n\n\n<p>TERVETULOA RATSASTAMAAN!<\/p>\n\n\n\n<pre class=\"wp-block-preformatted\">Yl\u00e4palkin kuvat: \u00a9 Sini Lehtonen 2014<\/pre>\n\n\n\n<p><\/p>\n","protected":false},"excerpt":{"rendered":"<p>Jatkossa ratsastuskoulun hevosista saa julkaista kuvia ja videoita vain Mian luvalla. Lis\u00e4tietoja voi kysy\u00e4 suoraan Mialta. &nbsp; Kumpum\u00e4en tila sijaitsee Pornaisten Kirveskosken kyl\u00e4ss\u00e4. Tilalla toimii Suomen ratsastajainliiton hyv\u00e4ksym\u00e4 ratsastuskoulu. Koulu j\u00e4rjest\u00e4\u00e4 ratsastustunteja p\u00e4ivitt\u00e4in noin kuuden henkil\u00f6n ryhmiss\u00e4. Uusia alkeiskursseja aloitetaan kysynn\u00e4n mukaan. Kumpum\u00e4ess\u00e4 toimitaan maalaismaisemassa, kuitenkin hyvien kulkuyhteyksien p\u00e4\u00e4ss\u00e4 p\u00e4\u00e4kaupunkiseudulta.<\/p>\n","protected":false},"author":1,"featured_media":0,"parent":0,"menu_order":0,"comment_status":"open","ping_status":"open","template":"template-fullwidth.php","meta":{"footnotes":""},"class_list":["post-2","page","type-page","status-publish","hentry"],"_links":{"self":[{"href":"https:\/\/www.kumpumaki.fi\/kumpumaki\/index.php?rest_route=\/wp\/v2\/pages\/2","targetHints":{"allow":["GET"]}}],"collection":[{"href":"https:\/\/www.kumpumaki.fi\/kumpumaki\/index.php?rest_route=\/wp\/v2\/pages"}],"about":[{"href":"https:\/\/www.kumpumaki.fi\/kumpumaki\/index.php?rest_route=\/wp\/v2\/types\/page"}],"author":[{"embeddable":true,"href":"https:\/\/www.kumpumaki.fi\/kumpumaki\/index.php?rest_route=\/wp\/v2\/users\/1"}],"replies":[{"embeddable":true,"href":"https:\/\/www.kumpumaki.fi\/kumpumaki\/index.php?rest_route=%2Fwp%2Fv2%2Fcomments&post=2"}],"version-history":[{"count":28,"href":"https:\/\/www.kumpumaki.fi\/kumpumaki\/index.php?rest_route=\/wp\/v2\/pages\/2\/revisions"}],"predecessor-version":[{"id":1053,"href":"https:\/\/www.kumpumaki.fi\/kumpumaki\/index.php?rest_route=\/wp\/v2\/pages\/2\/revisions\/1053"}],"wp:attachment":[{"href":"https:\/\/www.kumpumaki.fi\/kumpumaki\/index.php?rest_route=%2Fwp%2Fv2%2Fmedia&parent=2"}],"curies":[{"name":"wp","href":"https:\/\/api.w.org\/{rel}","templated":true}]}}