{"id":6,"date":"2014-11-03T21:57:43","date_gmt":"2014-11-03T19:57:43","guid":{"rendered":"http:\/\/cp4.domainmaailma.com\/~kumpumak\/kumpumaki\/?page_id=6"},"modified":"2021-07-14T12:59:42","modified_gmt":"2021-07-14T09:59:42","slug":"yhteystiedot","status":"publish","type":"page","link":"https:\/\/www.kumpumaki.fi\/kumpumaki\/?page_id=6","title":{"rendered":"Yhteystiedot"},"content":{"rendered":"<div class=\"post-headline\">\n<p>Ratsastuksenopettaja<\/p>\n<\/div>\n<div class=\"post-bodycopy clearfix\">\n<p><strong>Mia Laurinkoski<\/strong><br \/>\nKirveskoskentie 96<br \/>\n07170 PORNAINEN<br \/>\nGSM: 0400 188 255<br \/>\ne-mail: ratsastuskoulu@kumpumaki.fi<\/p>\n<\/div>\n<p><strong>Tunteihin liittyviss\u00e4 asioissa olkaa aina yhteydess\u00e4 suoraan Miaan puhelimitse!<\/strong><\/p>\n<div class=\"post-bodycopy clearfix\">\n<p>LY-tunnus: 1349332-6<\/p>\n<p><strong>Ajo-ohjeet Helsingin suunnasta:<\/strong><\/p>\n<p>Kumpum\u00e4en tila sijaitsee Pornaisten kirkonkyl\u00e4n l\u00e4nsipuolella olevassa Kirveskosken kyl\u00e4ss\u00e4.<\/p>\n<p>Helsingist\u00e4 tulee matkaa noin 55 km.<\/p>\n<p>Ajetaan Lahden moottoritiet\u00e4 pohjoiseen. J\u00e4rvenp\u00e4\u00e4 Etel\u00e4inen -liittym\u00e4st\u00e4 (nro 10) siirryt\u00e4\u00e4n vanhalle Lahden tielle (tie nro 140), jota pitkin ajetaan noin kilometrin verran Lahden suuntaan.<\/p>\n<p>K\u00e4\u00e4nnyt\u00e4\u00e4n seuraavasta risteyksest\u00e4 (Pornainen 14) oikealle ja ajetaan 14 kilometri\u00e4. Vastaan tulee T-risteys, josta k\u00e4\u00e4nnyt\u00e4\u00e4n oikealle (Pornainen). Saavutaan pian kirkonkyl\u00e4\u00e4n, jossa tie nousee ensin m\u00e4elle ja laskee sitten alas. M\u00e4en alta k\u00e4\u00e4nnyt\u00e4\u00e4n oikealle Rantalantielle joka muuttuu pian soratieksi. Noin 1,5 kilometrin p\u00e4\u00e4ss\u00e4 tulee vastaan Y-risteys, josta k\u00e4\u00e4nnyt\u00e4\u00e4n oikealle Kirveskoskentielle. Noin 960 metrin ajamisen j\u00e4lkeen tuleekin sitten Kumpum\u00e4en tila vastaan tien vasemmalla puolella.<\/p>\n<\/div>\n<p><iframe loading=\"lazy\" style=\"border: 0;\" src=\"https:\/\/www.google.com\/maps\/embed?pb=!1m18!1m12!1m3!1d1966.576600389575!2d25.344866000000007!3d60.468711!2m3!1f0!2f0!3f0!3m2!1i1024!2i768!4f13.1!3m3!1m2!1s0x4691fecc29df5cdb%3A0xe881ced8c308c74a!2sKumpum%C3%A4en+Tila!5e0!3m2!1sfi!2sfi!4v1415043964329\" width=\"700\" height=\"450\" frameborder=\"0\"><\/iframe><\/p>\n","protected":false},"excerpt":{"rendered":"<p>Ratsastuksenopettaja Mia Laurinkoski Kirveskoskentie 96 07170 PORNAINEN GSM: 0400 188 255 e-mail: ratsastuskoulu@kumpumaki.fi Tunteihin liittyviss\u00e4 asioissa olkaa aina yhteydess\u00e4 suoraan Miaan puhelimitse! LY-tunnus: 1349332-6 Ajo-ohjeet Helsingin suunnasta: Kumpum\u00e4en tila sijaitsee Pornaisten kirkonkyl\u00e4n l\u00e4nsipuolella olevassa Kirveskosken kyl\u00e4ss\u00e4. Helsingist\u00e4 tulee matkaa noin 55 km. Ajetaan Lahden moottoritiet\u00e4 pohjoiseen. J\u00e4rvenp\u00e4\u00e4 Etel\u00e4inen -liittym\u00e4st\u00e4 (nro<\/p>\n","protected":false},"author":1,"featured_media":0,"parent":0,"menu_order":0,"comment_status":"closed","ping_status":"open","template":"template-fullwidth.php","meta":{"footnotes":""},"class_list":["post-6","page","type-page","status-publish","hentry"],"_links":{"self":[{"href":"https:\/\/www.kumpumaki.fi\/kumpumaki\/index.php?rest_route=\/wp\/v2\/pages\/6","targetHints":{"allow":["GET"]}}],"collection":[{"href":"https:\/\/www.kumpumaki.fi\/kumpumaki\/index.php?rest_route=\/wp\/v2\/pages"}],"about":[{"href":"https:\/\/www.kumpumaki.fi\/kumpumaki\/index.php?rest_route=\/wp\/v2\/types\/page"}],"author":[{"embeddable":true,"href":"https:\/\/www.kumpumaki.fi\/kumpumaki\/index.php?rest_route=\/wp\/v2\/users\/1"}],"replies":[{"embeddable":true,"href":"https:\/\/www.kumpumaki.fi\/kumpumaki\/index.php?rest_route=%2Fwp%2Fv2%2Fcomments&post=6"}],"version-history":[{"count":9,"href":"https:\/\/www.kumpumaki.fi\/kumpumaki\/index.php?rest_route=\/wp\/v2\/pages\/6\/revisions"}],"predecessor-version":[{"id":798,"href":"https:\/\/www.kumpumaki.fi\/kumpumaki\/index.php?rest_route=\/wp\/v2\/pages\/6\/revisions\/798"}],"wp:attachment":[{"href":"https:\/\/www.kumpumaki.fi\/kumpumaki\/index.php?rest_route=%2Fwp%2Fv2%2Fmedia&parent=6"}],"curies":[{"name":"wp","href":"https:\/\/api.w.org\/{rel}","templated":true}]}}