{"id":902,"date":"2023-03-26T17:23:16","date_gmt":"2023-03-26T14:23:16","guid":{"rendered":"https:\/\/www.kumpumaki.fi\/kumpumaki\/?page_id=902"},"modified":"2025-04-11T12:57:58","modified_gmt":"2025-04-11T09:57:58","slug":"paloma","status":"publish","type":"page","link":"https:\/\/www.kumpumaki.fi\/kumpumaki\/?page_id=902","title":{"rendered":"Paloma"},"content":{"rendered":"\n<div class=\"wp-block-columns are-vertically-aligned-center is-layout-flex wp-container-core-columns-is-layout-9d6595d7 wp-block-columns-is-layout-flex\">\n<div class=\"wp-block-column is-vertically-aligned-center is-layout-flow wp-block-column-is-layout-flow\">\n<p>Omppu on vuonna 2011 syntynyt tamma. Ompulla on kilpailtu kouluratsastuksessa helppo B tasolla hyv\u00e4ll\u00e4 menestyksell\u00e4.<\/p>\n<\/div>\n\n\n\n<div class=\"wp-block-column is-vertically-aligned-center is-layout-flow wp-block-column-is-layout-flow\">\n<figure class=\"wp-block-image size-large\"><a href=\"https:\/\/www.kumpumaki.fi\/kumpumaki\/wp-content\/uploads\/2023\/03\/Omppu-scaled.jpg\"><img loading=\"lazy\" decoding=\"async\" width=\"1024\" height=\"683\" src=\"https:\/\/www.kumpumaki.fi\/kumpumaki\/wp-content\/uploads\/2023\/03\/Omppu-1024x683.jpg\" alt=\"\" class=\"wp-image-905\" srcset=\"https:\/\/www.kumpumaki.fi\/kumpumaki\/wp-content\/uploads\/2023\/03\/Omppu-1024x683.jpg 1024w, https:\/\/www.kumpumaki.fi\/kumpumaki\/wp-content\/uploads\/2023\/03\/Omppu-300x200.jpg 300w, https:\/\/www.kumpumaki.fi\/kumpumaki\/wp-content\/uploads\/2023\/03\/Omppu-768x512.jpg 768w, https:\/\/www.kumpumaki.fi\/kumpumaki\/wp-content\/uploads\/2023\/03\/Omppu-1536x1024.jpg 1536w, https:\/\/www.kumpumaki.fi\/kumpumaki\/wp-content\/uploads\/2023\/03\/Omppu-2048x1365.jpg 2048w\" sizes=\"auto, (max-width: 1024px) 100vw, 1024px\" \/><\/a><\/figure>\n<\/div>\n<\/div>\n\n\n\n<div class=\"wp-block-columns is-layout-flex wp-container-core-columns-is-layout-9d6595d7 wp-block-columns-is-layout-flex\">\n<div class=\"wp-block-column is-layout-flow wp-block-column-is-layout-flow\">\n<figure class=\"wp-block-image size-large\"><a href=\"https:\/\/www.kumpumaki.fi\/kumpumaki\/wp-content\/uploads\/2023\/03\/Omppu_ravi.jpg\"><img loading=\"lazy\" decoding=\"async\" width=\"1024\" height=\"683\" src=\"https:\/\/www.kumpumaki.fi\/kumpumaki\/wp-content\/uploads\/2023\/03\/Omppu_ravi-1024x683.jpg\" alt=\"\" class=\"wp-image-903\" srcset=\"https:\/\/www.kumpumaki.fi\/kumpumaki\/wp-content\/uploads\/2023\/03\/Omppu_ravi-1024x683.jpg 1024w, https:\/\/www.kumpumaki.fi\/kumpumaki\/wp-content\/uploads\/2023\/03\/Omppu_ravi-300x200.jpg 300w, https:\/\/www.kumpumaki.fi\/kumpumaki\/wp-content\/uploads\/2023\/03\/Omppu_ravi-768x512.jpg 768w, https:\/\/www.kumpumaki.fi\/kumpumaki\/wp-content\/uploads\/2023\/03\/Omppu_ravi-1536x1024.jpg 1536w, https:\/\/www.kumpumaki.fi\/kumpumaki\/wp-content\/uploads\/2023\/03\/Omppu_ravi.jpg 2048w\" sizes=\"auto, (max-width: 1024px) 100vw, 1024px\" \/><\/a><\/figure>\n<\/div>\n\n\n\n<div class=\"wp-block-column is-layout-flow wp-block-column-is-layout-flow\">\n<figure class=\"wp-block-image size-large\"><a href=\"https:\/\/www.kumpumaki.fi\/kumpumaki\/wp-content\/uploads\/2023\/03\/Omppu_hyppy.jpg\"><img loading=\"lazy\" decoding=\"async\" width=\"1024\" height=\"683\" src=\"https:\/\/www.kumpumaki.fi\/kumpumaki\/wp-content\/uploads\/2023\/03\/Omppu_hyppy-1024x683.jpg\" alt=\"\" class=\"wp-image-904\" srcset=\"https:\/\/www.kumpumaki.fi\/kumpumaki\/wp-content\/uploads\/2023\/03\/Omppu_hyppy-1024x683.jpg 1024w, https:\/\/www.kumpumaki.fi\/kumpumaki\/wp-content\/uploads\/2023\/03\/Omppu_hyppy-300x200.jpg 300w, https:\/\/www.kumpumaki.fi\/kumpumaki\/wp-content\/uploads\/2023\/03\/Omppu_hyppy-768x512.jpg 768w, https:\/\/www.kumpumaki.fi\/kumpumaki\/wp-content\/uploads\/2023\/03\/Omppu_hyppy-1536x1024.jpg 1536w, https:\/\/www.kumpumaki.fi\/kumpumaki\/wp-content\/uploads\/2023\/03\/Omppu_hyppy.jpg 2048w\" sizes=\"auto, (max-width: 1024px) 100vw, 1024px\" \/><\/a><\/figure>\n<\/div>\n<\/div>\n\n\n\n<p>Kuvat: Sini Lehtonen<\/p>\n","protected":false},"excerpt":{"rendered":"<p>Omppu on vuonna 2011 syntynyt tamma. Ompulla on kilpailtu kouluratsastuksessa helppo B tasolla hyv\u00e4ll\u00e4 menestyksell\u00e4. Kuvat: Sini Lehtonen<\/p>\n","protected":false},"author":4,"featured_media":0,"parent":15,"menu_order":0,"comment_status":"closed","ping_status":"closed","template":"","meta":{"footnotes":""},"class_list":["post-902","page","type-page","status-publish","hentry"],"_links":{"self":[{"href":"https:\/\/www.kumpumaki.fi\/kumpumaki\/index.php?rest_route=\/wp\/v2\/pages\/902","targetHints":{"allow":["GET"]}}],"collection":[{"href":"https:\/\/www.kumpumaki.fi\/kumpumaki\/index.php?rest_route=\/wp\/v2\/pages"}],"about":[{"href":"https:\/\/www.kumpumaki.fi\/kumpumaki\/index.php?rest_route=\/wp\/v2\/types\/page"}],"author":[{"embeddable":true,"href":"https:\/\/www.kumpumaki.fi\/kumpumaki\/index.php?rest_route=\/wp\/v2\/users\/4"}],"replies":[{"embeddable":true,"href":"https:\/\/www.kumpumaki.fi\/kumpumaki\/index.php?rest_route=%2Fwp%2Fv2%2Fcomments&post=902"}],"version-history":[{"count":2,"href":"https:\/\/www.kumpumaki.fi\/kumpumaki\/index.php?rest_route=\/wp\/v2\/pages\/902\/revisions"}],"predecessor-version":[{"id":996,"href":"https:\/\/www.kumpumaki.fi\/kumpumaki\/index.php?rest_route=\/wp\/v2\/pages\/902\/revisions\/996"}],"up":[{"embeddable":true,"href":"https:\/\/www.kumpumaki.fi\/kumpumaki\/index.php?rest_route=\/wp\/v2\/pages\/15"}],"wp:attachment":[{"href":"https:\/\/www.kumpumaki.fi\/kumpumaki\/index.php?rest_route=%2Fwp%2Fv2%2Fmedia&parent=902"}],"curies":[{"name":"wp","href":"https:\/\/api.w.org\/{rel}","templated":true}]}}